{"id":9,"date":"2018-11-20T17:55:57","date_gmt":"2018-11-20T17:55:57","guid":{"rendered":"https:\/\/pizza-express-gera.de\/?page_id=9"},"modified":"2026-04-22T10:45:13","modified_gmt":"2026-04-22T08:45:13","slug":"startseite","status":"publish","type":"page","link":"https:\/\/pizza-express-gera.de\/","title":{"rendered":"Herzlich Willkommen beim Pizza Express in Gera."},"content":{"rendered":"\n<p>Wir liefern in und um Gera warme und kalte Speisen. Zu Ihrer Bestellung k\u00f6nnen Sie gern auch Getr\u00e4nke die wir anbieten hinzuf\u00fcgen. Rufen Sie uns an:<br>0365 \/ 81 31 81 oder 0365 \/ 81 02 29<\/p>\n\n\n\n<p>Wir freuen uns auf Ihren Anruf.<br>Ihr Pizza Express<\/p>\n\n\n\n<p><strong>\u00d6ffnungszeiten:<\/strong><\/p>\n\n\n\n<p>Dienstag, Mittwoch, Donnerstag &amp; Sonntag sowie feiertags: 11:00 bis 21:00 Uhr (Telefonischer Annahmeschluss ist 20:30 Uhr)<\/p>\n\n\n\n<p>Freitag : 11:00 bis 22:00 Uhr &amp; Samstag: 16:00 bis 22:00 Uhr <br>(Telefonischer Annahmeschluss ist 21:30 Uhr.)<\/p>\n\n\n\n<div class=\"wp-block-columns is-layout-flex wp-container-core-columns-is-layout-9d6595d7 wp-block-columns-is-layout-flex\">\n<div class=\"wp-block-column is-layout-flow wp-block-column-is-layout-flow\" style=\"flex-basis:100%\">\n<figure class=\"wp-block-gallery has-nested-images columns-default is-cropped wp-block-gallery-1 is-layout-flex wp-block-gallery-is-layout-flex\">\n<figure class=\"wp-block-image size-large is-resized\"><img loading=\"lazy\" decoding=\"async\" width=\"571\" height=\"807\" data-id=\"543\" src=\"https:\/\/pizza-express-gera.de\/wp-content\/uploads\/2018\/12\/Wirsuchen.jpg\" alt=\"\" class=\"wp-image-543\" style=\"width:324px;height:auto\" srcset=\"https:\/\/pizza-express-gera.de\/wp-content\/uploads\/2018\/12\/Wirsuchen.jpg 571w, https:\/\/pizza-express-gera.de\/wp-content\/uploads\/2018\/12\/Wirsuchen-212x300.jpg 212w\" sizes=\"auto, (max-width: 571px) 100vw, 571px\" \/><\/figure>\n\n\n\n<figure class=\"wp-block-image size-large is-resized is-style-default\"><img loading=\"lazy\" decoding=\"async\" width=\"768\" height=\"1024\" data-id=\"724\" src=\"https:\/\/pizza-express-gera.de\/wp-content\/uploads\/2026\/04\/1erMai-768x1024.png\" alt=\"\" class=\"wp-image-724\" style=\"width:322px;height:auto\" srcset=\"https:\/\/pizza-express-gera.de\/wp-content\/uploads\/2026\/04\/1erMai-768x1024.png 768w, https:\/\/pizza-express-gera.de\/wp-content\/uploads\/2026\/04\/1erMai-225x300.png 225w, https:\/\/pizza-express-gera.de\/wp-content\/uploads\/2026\/04\/1erMai.png 1086w\" sizes=\"auto, (max-width: 706px) 89vw, (max-width: 767px) 82vw, 740px\" \/><\/figure>\n<\/figure>\n<\/div>\n<\/div>\n\n\n\n<p><\/p>\n\n\n","protected":false},"excerpt":{"rendered":"<p>Wir liefern in und um Gera warme und kalte Speisen. Zu Ihrer Bestellung k\u00f6nnen Sie gern auch Getr\u00e4nke die wir anbieten hinzuf\u00fcgen. Rufen Sie uns an:0365 \/ 81 31 81 oder 0365 \/ 81 02 29 Wir freuen uns auf Ihren Anruf.Ihr Pizza Express \u00d6ffnungszeiten: Dienstag, Mittwoch, Donnerstag &amp; Sonntag sowie feiertags: 11:00 bis 21:00 &hellip; <\/p>\n<p class=\"link-more\"><a href=\"https:\/\/pizza-express-gera.de\/\" class=\"more-link\"><span class=\"screen-reader-text\">\u201eHerzlich Willkommen beim Pizza Express in Gera.\u201c <\/span>weiterlesen<\/a><\/p>\n","protected":false},"author":1,"featured_media":0,"parent":0,"menu_order":0,"comment_status":"closed","ping_status":"closed","template":"","meta":{"footnotes":""},"class_list":["post-9","page","type-page","status-publish","hentry"],"_links":{"self":[{"href":"https:\/\/pizza-express-gera.de\/index.php?rest_route=\/wp\/v2\/pages\/9","targetHints":{"allow":["GET"]}}],"collection":[{"href":"https:\/\/pizza-express-gera.de\/index.php?rest_route=\/wp\/v2\/pages"}],"about":[{"href":"https:\/\/pizza-express-gera.de\/index.php?rest_route=\/wp\/v2\/types\/page"}],"author":[{"embeddable":true,"href":"https:\/\/pizza-express-gera.de\/index.php?rest_route=\/wp\/v2\/users\/1"}],"replies":[{"embeddable":true,"href":"https:\/\/pizza-express-gera.de\/index.php?rest_route=%2Fwp%2Fv2%2Fcomments&post=9"}],"version-history":[{"count":5,"href":"https:\/\/pizza-express-gera.de\/index.php?rest_route=\/wp\/v2\/pages\/9\/revisions"}],"predecessor-version":[{"id":725,"href":"https:\/\/pizza-express-gera.de\/index.php?rest_route=\/wp\/v2\/pages\/9\/revisions\/725"}],"wp:attachment":[{"href":"https:\/\/pizza-express-gera.de\/index.php?rest_route=%2Fwp%2Fv2%2Fmedia&parent=9"}],"curies":[{"name":"wp","href":"https:\/\/api.w.org\/{rel}","templated":true}]}}